{"id":860,"date":"2017-10-09T12:07:31","date_gmt":"2017-10-09T10:07:31","guid":{"rendered":"https:\/\/doncarne.de\/de\/blog\/?page_id=860"},"modified":"2021-01-26T10:15:43","modified_gmt":"2021-01-26T09:15:43","slug":"wild-rezepte","status":"publish","type":"page","link":"https:\/\/doncarne.de\/de\/blog\/rezepte\/wild-rezepte\/","title":{"rendered":"&#8211; Wild"},"content":{"rendered":"<div  class='avia-slideshow av-av_slideshow-bf5d92027e8d8177e90eac0ac92bd5f5 avia-slideshow-featured av_slideshow avia-slide-slider  avia-builder-el-0  el_before_av_one_full  avia-builder-el-first  av-slideshow-ui av-control-default av-slideshow-manual av-loop-once av-loop-manual-endless av-default-height-applied avia-slideshow-1' data-slideshow-options=\"{&quot;animation&quot;:&quot;slide&quot;,&quot;autoplay&quot;:false,&quot;loop_autoplay&quot;:&quot;once&quot;,&quot;interval&quot;:2,&quot;loop_manual&quot;:&quot;manual-endless&quot;,&quot;autoplay_stopper&quot;:false,&quot;noNavigation&quot;:false,&quot;bg_slider&quot;:false,&quot;keep_padding&quot;:false,&quot;hoverpause&quot;:false,&quot;show_slide_delay&quot;:0}\"  itemprop=\"image\" itemscope=\"itemscope\" itemtype=\"https:\/\/schema.org\/ImageObject\" ><ul class='avia-slideshow-inner ' style='padding-bottom: 25%;'><li  class='avia-slideshow-slide av-av_slideshow-bf5d92027e8d8177e90eac0ac92bd5f5__0  av-single-slide slide-1 slide-odd'><div data-rel='slideshow-1' class='avia-slide-wrap '   ><img decoding=\"async\" fetchpriority=\"high\" class=\"wp-image-6356 avia-img-lazy-loading-not-6356\"  src=\"https:\/\/doncarne.de\/de\/blog\/wp-content\/uploads\/2020\/02\/DC_Header_Kategorien_wild.jpg\" width=\"1400\" height=\"350\" title='DC_Header_Kategorien_wild' alt=''  itemprop=\"thumbnailUrl\" srcset=\"https:\/\/doncarne.de\/de\/blog\/wp-content\/uploads\/2020\/02\/DC_Header_Kategorien_wild.jpg 1400w, https:\/\/doncarne.de\/de\/blog\/wp-content\/uploads\/2020\/02\/DC_Header_Kategorien_wild-300x75.jpg 300w, https:\/\/doncarne.de\/de\/blog\/wp-content\/uploads\/2020\/02\/DC_Header_Kategorien_wild-768x192.jpg 768w, https:\/\/doncarne.de\/de\/blog\/wp-content\/uploads\/2020\/02\/DC_Header_Kategorien_wild-1030x258.jpg 1030w, https:\/\/doncarne.de\/de\/blog\/wp-content\/uploads\/2020\/02\/DC_Header_Kategorien_wild-705x176.jpg 705w, https:\/\/doncarne.de\/de\/blog\/wp-content\/uploads\/2020\/02\/DC_Header_Kategorien_wild-450x113.jpg 450w\" sizes=\"(max-width: 1400px) 100vw, 1400px\" \/><\/div><\/li><\/ul><\/div>\n\n<style type=\"text\/css\" data-created_by=\"avia_inline_auto\" id=\"style-css-av-av_one_full-15d750bd1b332b34c6e70b077ebbccdf\">\n.flex_column.av-av_one_full-15d750bd1b332b34c6e70b077ebbccdf{\nborder-radius:0px 0px 0px 0px;\npadding:0px 0px 0px 0px;\n}\n<\/style>\n<div  class='flex_column av-av_one_full-15d750bd1b332b34c6e70b077ebbccdf av_one_full  avia-builder-el-1  el_after_av_slideshow  avia-builder-el-last  first flex_column_div av-zero-column-padding  '     ><p>\n<style type=\"text\/css\" data-created_by=\"avia_inline_auto\" id=\"style-css-av-av_heading-1e5e38cc3ddeb0eb18e9dfe79b4aa1e6\">\n#top .av-special-heading.av-av_heading-1e5e38cc3ddeb0eb18e9dfe79b4aa1e6{\npadding-bottom:10px;\n}\nbody .av-special-heading.av-av_heading-1e5e38cc3ddeb0eb18e9dfe79b4aa1e6 .av-special-heading-tag .heading-char{\nfont-size:25px;\n}\n.av-special-heading.av-av_heading-1e5e38cc3ddeb0eb18e9dfe79b4aa1e6 .av-subheading{\nfont-size:15px;\n}\n<\/style>\n<div  class='av-special-heading av-av_heading-1e5e38cc3ddeb0eb18e9dfe79b4aa1e6 av-special-heading-h1 blockquote modern-quote modern-centered  avia-builder-el-2  el_before_av_textblock  avia-builder-el-first '><h1 class='av-special-heading-tag'  itemprop=\"headline\"  >Rezepte mit Wildfleisch<\/h1><div class=\"special-heading-border\"><div class=\"special-heading-inner-border\"><\/div><\/div><\/div><br \/>\n<section  class='av_textblock_section av-av_textblock-2de302bf1aa3cf4c9157dbe6f50ac7eb '   itemscope=\"itemscope\" itemtype=\"https:\/\/schema.org\/CreativeWork\" ><div class='avia_textblock'  itemprop=\"text\" ><p style=\"text-align: center;\">Nat\u00fcrlich gewachsenes und feines Fleisch von frei lebendem Wild. Insbesondere zur k\u00e4lteren Jahreszeit ein absoluter Klassiker in vielen K\u00fcchen.<\/p>\n<\/div><\/section><br \/>\n<div  class='hr av-av_hr-0d9ca4907826378c1996c855c159afdd hr-big  avia-builder-el-4  el_after_av_textblock  el_before_av_masonry_entries  avia-builder-el-last '><span class='hr-inner '><span class=\"hr-inner-style\"><\/span><\/span><\/div><br \/>\n<div id='av-masonry-1' class='av-masonry av-av_masonry_entries-27f4e272e0b718d16f934542abb084c8 noHover av-fixed-size av-large-gap av-hover-overlay-active av-masonry-animation-active av-masonry-col-flexible av-caption-always av-caption-style- av-masonry-entries ' data-post_id=\"860\"><div class=\"av-masonry-container isotope av-js-disabled\"><div class='av-masonry-entry isotope-item av-masonry-item-no-image '><\/div><a href=\"https:\/\/doncarne.de\/de\/blog\/wild-1\/\"  id='av-masonry-1-item-16093' data-av-masonry-item='16093' class='av-masonry-entry isotope-item post-16093 post type-post status-publish format-standard has-post-thumbnail hentry category-allgemein category-anlass category-festlich category-fleischsorte category-hauptspeise category-pfanne-ofen category-ruecken category-schmoren category-wild tag-reh tag-rehruecken  av-masonry-item-with-image av-grid-img' title=\"Don_Carne_03-08-2021_Reh_Rezept\"   itemscope=\"itemscope\" itemtype=\"https:\/\/schema.org\/CreativeWork\" ><div class='av-inner-masonry-sizer'><\/div><figure class='av-inner-masonry main_color'><div class=\"av-masonry-outerimage-container\"><div class='av-masonry-image-container' style=\"background-image: url(https:\/\/doncarne.de\/de\/blog\/wp-content\/uploads\/2021\/09\/Don_Carne_03-08-2021_Reh_Rezept-705x470.jpg);\"  title=\"Don_Carne_03-08-2021_Reh_Rezept\"   alt=\"Herbstlicher Rehr\u00fccken mit Kr\u00e4uterseitlingen und wilder Sauce\" ><\/div><\/div><figcaption class='av-inner-masonry-content site-background'><div class='av-inner-masonry-content-pos'><div class='av-inner-masonry-content-pos-content'><div class='avia-arrow'><\/div><h3 class='av-masonry-entry-title entry-title '  itemprop=\"headline\" >Herbstlicher Rehr\u00fccken mit Kr\u00e4uterseitlingen und wilder Sauce<\/h3><span class='av-masonry-date meta-color updated'>30. Oktober 2024<\/span><span class=\"av-masonry-text-sep text-sep-author\">\/<\/span><span class='av-masonry-author meta-color author'><span class='fn'>von Alain Wloch<\/span><\/span><\/div><\/div><\/figcaption><\/figure><\/a><!--end av-masonry entry--><a href=\"https:\/\/doncarne.de\/de\/blog\/herbstliches-hirschgulasch\/\"  id='av-masonry-1-item-16056' data-av-masonry-item='16056' class='av-masonry-entry isotope-item post-16056 post type-post status-publish format-standard has-post-thumbnail hentry category-allgemein category-anlass category-festlich category-fleischsorte category-grill category-hauptspeise category-pfanne-ofen category-schmoren category-wild tag-gulasch tag-hirschgulasch  av-masonry-item-with-image av-grid-img' title=\"Hirschgulasch_Story_4\"   itemscope=\"itemscope\" itemtype=\"https:\/\/schema.org\/CreativeWork\" ><div class='av-inner-masonry-sizer'><\/div><figure class='av-inner-masonry main_color'><div class=\"av-masonry-outerimage-container\"><div class='av-masonry-image-container' style=\"background-image: url(https:\/\/doncarne.de\/de\/blog\/wp-content\/uploads\/2021\/11\/Hirschgulasch_Story_4-564x705.png);\"  title=\"Hirschgulasch_Story_4\"   alt=\"Herbstliches Hirschgulasch auf selbstgemachten Sp\u00e4tzle\" ><\/div><\/div><figcaption class='av-inner-masonry-content site-background'><div class='av-inner-masonry-content-pos'><div class='av-inner-masonry-content-pos-content'><div class='avia-arrow'><\/div><h3 class='av-masonry-entry-title entry-title '  itemprop=\"headline\" >Herbstliches Hirschgulasch<\/h3><span class='av-masonry-date meta-color updated'>29. Oktober 2024<\/span><span class=\"av-masonry-text-sep text-sep-author\">\/<\/span><span class='av-masonry-author meta-color author'><span class='fn'>von Alain Wloch<\/span><\/span><\/div><\/div><\/figcaption><\/figure><\/a><!--end av-masonry entry--><a href=\"https:\/\/doncarne.de\/de\/blog\/rehruecken-auf-schmorkohl-mit-roestkartoffeln\/\"  id='av-masonry-1-item-15891' data-av-masonry-item='15891' class='av-masonry-entry isotope-item post-15891 post type-post status-publish format-standard has-post-thumbnail hentry category-allgemein category-anlass category-festlich category-hauptspeise category-pfanne-ofen category-wild tag-reh tag-rehruecken tag-rehrueckensteaks  av-masonry-item-with-image av-grid-img' title=\"Rehruecken-Roh\"   itemscope=\"itemscope\" itemtype=\"https:\/\/schema.org\/CreativeWork\" ><div class='av-inner-masonry-sizer'><\/div><figure class='av-inner-masonry main_color'><div class=\"av-masonry-outerimage-container\"><div class='av-masonry-image-container' style=\"background-image: url(https:\/\/doncarne.de\/de\/blog\/wp-content\/uploads\/2017\/11\/Rehruecken-Roh-705x470.jpg);\"  title=\"Rehruecken-Roh\"   alt=\"Rehruecken-Roh\" ><\/div><\/div><figcaption class='av-inner-masonry-content site-background'><div class='av-inner-masonry-content-pos'><div class='av-inner-masonry-content-pos-content'><div class='avia-arrow'><\/div><h3 class='av-masonry-entry-title entry-title '  itemprop=\"headline\" >Rehr\u00fccken mit Schmorkohl und R\u00f6stkartoffeln<\/h3><span class='av-masonry-date meta-color updated'>25. Oktober 2024<\/span><span class=\"av-masonry-text-sep text-sep-author\">\/<\/span><span class='av-masonry-author meta-color author'><span class='fn'>von Alain Wloch<\/span><\/span><\/div><\/div><\/figcaption><\/figure><\/a><!--end av-masonry entry--><a href=\"https:\/\/doncarne.de\/de\/blog\/hirschgulasch-mit-salzkartoffeln-und-brokkoli\/\"  id='av-masonry-1-item-15878' data-av-masonry-item='15878' class='av-masonry-entry isotope-item post-15878 post type-post status-publish format-standard has-post-thumbnail hentry category-allgemein category-anlass category-festlich category-hauptspeise category-pfanne-ofen category-wild tag-gulasch tag-hirsch tag-hirschgulasch  av-masonry-item-with-image av-grid-img' title=\"Weihnachten-Gulasch-Roh\"   itemscope=\"itemscope\" itemtype=\"https:\/\/schema.org\/CreativeWork\" ><div class='av-inner-masonry-sizer'><\/div><figure class='av-inner-masonry main_color'><div class=\"av-masonry-outerimage-container\"><div class='av-masonry-image-container' style=\"background-image: url(https:\/\/doncarne.de\/de\/blog\/wp-content\/uploads\/2017\/11\/Weihnachten-Gulasch-Roh--705x470.jpg);\"  title=\"Weihnachten-Gulasch-Roh\"   alt=\"Weihnachten-Gulasch-Roh\" ><\/div><\/div><figcaption class='av-inner-masonry-content site-background'><div class='av-inner-masonry-content-pos'><div class='av-inner-masonry-content-pos-content'><div class='avia-arrow'><\/div><h3 class='av-masonry-entry-title entry-title '  itemprop=\"headline\" >Hirschgulasch mit Salzkartoffeln und Brokkoli<\/h3><span class='av-masonry-date meta-color updated'>25. Oktober 2024<\/span><span class=\"av-masonry-text-sep text-sep-author\">\/<\/span><span class='av-masonry-author meta-color author'><span class='fn'>von Alain Wloch<\/span><\/span><\/div><\/div><\/figcaption><\/figure><\/a><!--end av-masonry entry--><a href=\"https:\/\/doncarne.de\/de\/blog\/rehkeule-auf-niedrigtemperatur-zubereiten\/\"  id='av-masonry-1-item-14726' data-av-masonry-item='14726' class='av-masonry-entry isotope-item post-14726 post type-post status-publish format-standard has-post-thumbnail hentry category-allgemein category-don-carne-favorites category-festlich category-hauptspeise category-keule category-low-slow category-ostern category-pfanne-ofen category-schmoren category-silvester category-wild tag-rehbraten tag-rehkeule tag-rehkeule-rezept tag-rehkeule-schmoren tag-rehkeule-zubereiten  av-masonry-item-with-image av-grid-img' title=\"don_carne_rehkeule_rezept\"   itemscope=\"itemscope\" itemtype=\"https:\/\/schema.org\/CreativeWork\" ><div class='av-inner-masonry-sizer'><\/div><figure class='av-inner-masonry main_color'><div class=\"av-masonry-outerimage-container\"><div class='av-masonry-image-container' style=\"background-image: url(https:\/\/doncarne.de\/de\/blog\/wp-content\/uploads\/2016\/10\/don_carne_rehkeule_rezept-705x490.jpg);\"  title=\"don_carne_rehkeule_rezept\"   alt=\"Tolle Rehkeule\" ><\/div><\/div><figcaption class='av-inner-masonry-content site-background'><div class='av-inner-masonry-content-pos'><div class='av-inner-masonry-content-pos-content'><div class='avia-arrow'><\/div><h3 class='av-masonry-entry-title entry-title '  itemprop=\"headline\" >Zarte Rehkeule in Gl\u00fchweinmarinade: Ein Fest f\u00fcr Wildliebhaber<\/h3><span class='av-masonry-date meta-color updated'>10. Mai 2024<\/span><span class=\"av-masonry-text-sep text-sep-author\">\/<\/span><span class='av-masonry-author meta-color author'><span class='fn'>von Alain Wloch<\/span><\/span><\/div><\/div><\/figcaption><\/figure><\/a><!--end av-masonry entry--><a href=\"https:\/\/doncarne.de\/de\/blog\/hirschkaree-sous-vide-gegart\/\"  id='av-masonry-1-item-14524' data-av-masonry-item='14524' class='av-masonry-entry isotope-item post-14524 post type-post status-publish format-standard has-post-thumbnail hentry category-allgemein category-dinner-fuer-zwei category-festlich category-grill category-hauptspeise category-ostern category-sous-vide category-wild  av-masonry-item-with-image av-grid-img' title=\"Don_Carne_03-08-2021_Hirsch_Insta_19\"   itemscope=\"itemscope\" itemtype=\"https:\/\/schema.org\/CreativeWork\" ><div class='av-inner-masonry-sizer'><\/div><figure class='av-inner-masonry main_color'><div class=\"av-masonry-outerimage-container\"><div class='av-masonry-image-container' style=\"background-image: url(https:\/\/doncarne.de\/de\/blog\/wp-content\/uploads\/2021\/09\/Don_Carne_03-08-2021_Hirsch_Insta_19-470x705.jpg);\"  title=\"Don_Carne_03-08-2021_Hirsch_Insta_19\"   alt=\"Hirschkarree Rezept\" ><\/div><\/div><figcaption class='av-inner-masonry-content site-background'><div class='av-inner-masonry-content-pos'><div class='av-inner-masonry-content-pos-content'><div class='avia-arrow'><\/div><h3 class='av-masonry-entry-title entry-title '  itemprop=\"headline\" >Sous Vide gegartes Hirschkarree<\/h3><span class='av-masonry-date meta-color updated'>26. April 2024<\/span><span class=\"av-masonry-text-sep text-sep-author\">\/<\/span><span class='av-masonry-author meta-color author'><span class='fn'>von Alain Wloch<\/span><\/span><\/div><\/div><\/figcaption><\/figure><\/a><!--end av-masonry entry--><a href=\"https:\/\/doncarne.de\/de\/blog\/winterlicher-wildschweinruecken\/\"  id='av-masonry-1-item-7822' data-av-masonry-item='7822' class='av-masonry-entry isotope-item post-7822 post type-post status-publish format-standard has-post-thumbnail hentry category-festlich category-grill category-pfanne-ofen category-ruecken category-wild tag-schweineruecken tag-wildruecken tag-wildschweinruecken  av-masonry-item-with-image av-grid-img' title=\"WINTERLICHER WILDSCHWEINR\u00dcCKEN\"   itemscope=\"itemscope\" itemtype=\"https:\/\/schema.org\/CreativeWork\" ><div class='av-inner-masonry-sizer'><\/div><figure class='av-inner-masonry main_color'><div class=\"av-masonry-outerimage-container\"><div class='av-masonry-image-container' style=\"background-image: url(https:\/\/doncarne.de\/de\/blog\/wp-content\/uploads\/2021\/01\/WINTERLICHER-WILDSCHWEINR\u00dcCKEN-705x470.jpg);\"  title=\"WINTERLICHER WILDSCHWEINR\u00dcCKEN\"  ><\/div><\/div><figcaption class='av-inner-masonry-content site-background'><div class='av-inner-masonry-content-pos'><div class='av-inner-masonry-content-pos-content'><div class='avia-arrow'><\/div><h3 class='av-masonry-entry-title entry-title '  itemprop=\"headline\" >WINTERLICHER WILDSCHWEINR\u00dcCKEN<\/h3><span class='av-masonry-date meta-color updated'>12. Januar 2021<\/span><span class=\"av-masonry-text-sep text-sep-author\">\/<\/span><span class='av-masonry-author meta-color author'><span class='fn'>von Sabine Thubeauville<\/span><\/span><\/div><\/div><\/figcaption><\/figure><\/a><!--end av-masonry entry--><a href=\"https:\/\/doncarne.de\/de\/blog\/aromatische-wildrezepte-perfekt-fuer-kalte-wintertage\/\"  id='av-masonry-1-item-4484' data-av-masonry-item='4484' class='av-masonry-entry isotope-item post-4484 post type-post status-publish format-standard has-post-thumbnail hentry category-allgemein category-wild  av-masonry-item-with-image av-grid-img' title=\"Hirschruecken_Waldpilze\"   itemscope=\"itemscope\" itemtype=\"https:\/\/schema.org\/CreativeWork\" ><div class='av-inner-masonry-sizer'><\/div><figure class='av-inner-masonry main_color'><div class=\"av-masonry-outerimage-container\"><div class='av-masonry-image-container' style=\"background-image: url(https:\/\/doncarne.de\/de\/blog\/wp-content\/uploads\/2018\/10\/Hirschruecken_Waldpilze-705x470.jpg);\"  title=\"Hirschruecken_Waldpilze\"  ><\/div><\/div><figcaption class='av-inner-masonry-content site-background'><div class='av-inner-masonry-content-pos'><div class='av-inner-masonry-content-pos-content'><div class='avia-arrow'><\/div><h3 class='av-masonry-entry-title entry-title '  itemprop=\"headline\" >Aromatische Wildrezepte &#8211; f\u00fcr kalte Wintertage<\/h3><span class='av-masonry-date meta-color updated'>11. Januar 2019<\/span><span class=\"av-masonry-text-sep text-sep-author\">\/<\/span><span class='av-masonry-author meta-color author'><span class='fn'>von Sabine Thubeauville<\/span><\/span><\/div><\/div><\/figcaption><\/figure><\/a><!--end av-masonry entry--><a href=\"https:\/\/doncarne.de\/de\/blog\/hirschrueckensteak-mit-pfifferling-schalottensauce\/\"  id='av-masonry-1-item-4003' data-av-masonry-item='4003' class='av-masonry-entry isotope-item post-4003 post type-post status-publish format-standard has-post-thumbnail hentry category-allgemein category-festlich category-wild  av-masonry-item-with-image av-grid-img' title=\"Hirschru\u0308ckensteak_gar_klein\"   itemscope=\"itemscope\" itemtype=\"https:\/\/schema.org\/CreativeWork\" ><div class='av-inner-masonry-sizer'><\/div><figure class='av-inner-masonry main_color'><div class=\"av-masonry-outerimage-container\"><div class='av-masonry-image-container' style=\"background-image: url(https:\/\/doncarne.de\/de\/blog\/wp-content\/uploads\/2018\/11\/Hirschru\u0308ckensteak_gar_klein-705x470.jpg);\"  title=\"Hirschru\u0308ckensteak_gar_klein\"  ><\/div><\/div><figcaption class='av-inner-masonry-content site-background'><div class='av-inner-masonry-content-pos'><div class='av-inner-masonry-content-pos-content'><div class='avia-arrow'><\/div><h3 class='av-masonry-entry-title entry-title '  itemprop=\"headline\" >Hirschr\u00fcckensteak mit Pfifferling-Schalottensauce<\/h3><span class='av-masonry-date meta-color updated'>7. November 2018<\/span><span class=\"av-masonry-text-sep text-sep-author\">\/<\/span><span class='av-masonry-author meta-color author'><span class='fn'>von Sabine Thubeauville<\/span><\/span><\/div><\/div><\/figcaption><\/figure><\/a><!--end av-masonry entry--><\/div><\/div><\/p><\/div>\n","protected":false},"excerpt":{"rendered":"","protected":false},"author":3,"featured_media":0,"parent":4229,"menu_order":9,"comment_status":"closed","ping_status":"closed","template":"","meta":{"_yoast_wpseo_meta-robots-noindex":"","om_disable_all_campaigns":false,"wprm-recipe-roundup-name":"","wprm-recipe-roundup-description":"","_monsterinsights_skip_tracking":false,"_monsterinsights_sitenote_active":false,"_monsterinsights_sitenote_note":"","_monsterinsights_sitenote_category":0,"footnotes":""},"class_list":["post-860","page","type-page","status-publish","hentry"],"_links":{"self":[{"href":"https:\/\/doncarne.de\/de\/blog\/wp-json\/wp\/v2\/pages\/860","targetHints":{"allow":["GET"]}}],"collection":[{"href":"https:\/\/doncarne.de\/de\/blog\/wp-json\/wp\/v2\/pages"}],"about":[{"href":"https:\/\/doncarne.de\/de\/blog\/wp-json\/wp\/v2\/types\/page"}],"author":[{"embeddable":true,"href":"https:\/\/doncarne.de\/de\/blog\/wp-json\/wp\/v2\/users\/3"}],"replies":[{"embeddable":true,"href":"https:\/\/doncarne.de\/de\/blog\/wp-json\/wp\/v2\/comments?post=860"}],"version-history":[{"count":15,"href":"https:\/\/doncarne.de\/de\/blog\/wp-json\/wp\/v2\/pages\/860\/revisions"}],"predecessor-version":[{"id":8231,"href":"https:\/\/doncarne.de\/de\/blog\/wp-json\/wp\/v2\/pages\/860\/revisions\/8231"}],"up":[{"embeddable":true,"href":"https:\/\/doncarne.de\/de\/blog\/wp-json\/wp\/v2\/pages\/4229"}],"wp:attachment":[{"href":"https:\/\/doncarne.de\/de\/blog\/wp-json\/wp\/v2\/media?parent=860"}],"curies":[{"name":"wp","href":"https:\/\/api.w.org\/{rel}","templated":true}]}}